{"id":4933,"date":"2026-03-01T14:34:24","date_gmt":"2026-03-01T17:34:24","guid":{"rendered":"https:\/\/sanblassailing.instaescuela.com\/?page_id=4933"},"modified":"2026-03-14T13:12:52","modified_gmt":"2026-03-14T16:12:52","slug":"brokers","status":"publish","type":"page","link":"https:\/\/sanblassailing.instaescuela.com\/en\/brokers\/","title":{"rendered":"Brokers"},"content":{"rendered":"<div data-elementor-type=\"wp-page\" data-elementor-id=\"4933\" class=\"elementor elementor-4933\" data-elementor-post-type=\"page\">\n\t\t\t\t<div class=\"elementor-element elementor-element-1480e4b e-con-full e-flex e-con e-parent\" data-id=\"1480e4b\" data-element_type=\"container\">\n\t\t<div class=\"elementor-element elementor-element-701b37c e-flex e-con-boxed e-con e-child\" data-id=\"701b37c\" data-element_type=\"container\" data-settings=\"{&quot;background_background&quot;:&quot;classic&quot;}\">\n\t\t\t\t\t<div class=\"e-con-inner\">\n\t\t<div class=\"elementor-element elementor-element-3c045cb e-con-full e-flex e-con e-child\" data-id=\"3c045cb\" data-element_type=\"container\">\n\t\t\t\t<div class=\"elementor-element elementor-element-ebfeaf4 elementor-widget__width-inherit elementor-hidden-desktop elementor-hidden-tablet elementor-hidden-mobile elementor-widget elementor-widget-heading\" data-id=\"ebfeaf4\" data-element_type=\"widget\" data-widget_type=\"heading.default\">\n\t\t\t\t<div class=\"elementor-widget-container\">\n\t\t\t\t\t<div class=\"elementor-heading-title elementor-size-default\">Tagline<\/div>\t\t\t\t<\/div>\n\t\t\t\t<\/div>\n\t\t\t\t<div class=\"elementor-element elementor-element-c2addc2 elementor-widget__width-initial elementor-widget-tablet__width-inherit elementor-widget elementor-widget-heading\" data-id=\"c2addc2\" data-element_type=\"widget\" data-widget_type=\"heading.default\">\n\t\t\t\t<div class=\"elementor-widget-container\">\n\t\t\t\t\t<h1 class=\"elementor-heading-title elementor-size-default\">Brokers<\/h1>\t\t\t\t<\/div>\n\t\t\t\t<\/div>\n\t\t\t\t<div class=\"elementor-element elementor-element-881ec54 elementor-widget__width-initial elementor-widget-tablet__width-inherit elementor-hidden-desktop elementor-hidden-tablet elementor-hidden-mobile elementor-widget elementor-widget-text-editor\" data-id=\"881ec54\" data-element_type=\"widget\" data-widget_type=\"text-editor.default\">\n\t\t\t\t<div class=\"elementor-widget-container\">\n\t\t\t\t\t\t\t\t\tSince 1997, creating experiences tailored to your needs.\t\t\t\t\t\t\t\t<\/div>\n\t\t\t\t<\/div>\n\t\t\t\t<div class=\"elementor-element elementor-element-344586f elementor-tablet-align-center elementor-hidden-desktop elementor-hidden-tablet elementor-hidden-mobile elementor-widget elementor-widget-button\" data-id=\"344586f\" data-element_type=\"widget\" data-widget_type=\"button.default\">\n\t\t\t\t<div class=\"elementor-widget-container\">\n\t\t\t\t\t\t\t\t\t<div class=\"elementor-button-wrapper\">\n\t\t\t\t\t<a class=\"elementor-button elementor-size-sm\" role=\"button\">\n\t\t\t\t\t\t<span class=\"elementor-button-content-wrapper\">\n\t\t\t\t\t\t\t\t\t<span class=\"elementor-button-text\">Reserve<\/span>\n\t\t\t\t\t<\/span>\n\t\t\t\t\t<\/a>\n\t\t\t\t<\/div>\n\t\t\t\t\t\t\t\t<\/div>\n\t\t\t\t<\/div>\n\t\t\t\t<\/div>\n\t\t\t\t\t<\/div>\n\t\t\t\t<\/div>\n\t\t\t\t<\/div>\n\t\t<div class=\"elementor-element elementor-element-3143eb7 e-flex e-con-boxed e-con e-child\" data-id=\"3143eb7\" data-element_type=\"container\" data-settings=\"{&quot;background_background&quot;:&quot;classic&quot;}\">\n\t\t\t\t\t<div class=\"e-con-inner\">\n\t\t<div class=\"elementor-element elementor-element-d4e9c42 e-con-full e-flex e-con e-child\" data-id=\"d4e9c42\" data-element_type=\"container\">\n\t\t\t\t<div class=\"elementor-element elementor-element-3e4eb48 elementor-widget elementor-widget-heading\" data-id=\"3e4eb48\" data-element_type=\"widget\" data-widget_type=\"heading.default\">\n\t\t\t\t<div class=\"elementor-widget-container\">\n\t\t\t\t\t<div class=\"elementor-heading-title elementor-size-default\">Brokers<\/div>\t\t\t\t<\/div>\n\t\t\t\t<\/div>\n\t\t\t\t<div class=\"elementor-element elementor-element-065e0a5 elementor-widget elementor-widget-heading\" data-id=\"065e0a5\" data-element_type=\"widget\" data-widget_type=\"heading.default\">\n\t\t\t\t<div class=\"elementor-widget-container\">\n\t\t\t\t\t<h2 class=\"elementor-heading-title elementor-size-default\">We are listed in the \u00abNauSYS SYSTEM\u00bb.\u00bb<\/h2>\t\t\t\t<\/div>\n\t\t\t\t<\/div>\n\t\t\t\t<div class=\"elementor-element elementor-element-3224cf9 elementor-widget elementor-widget-text-editor\" data-id=\"3224cf9\" data-element_type=\"widget\" data-widget_type=\"text-editor.default\">\n\t\t\t\t<div class=\"elementor-widget-container\">\n\t\t\t\t\t\t\t\t\t<p>We are DMC in Panama: we offer <a href=\"mailto:reservas@sanblassailing.com\" target=\"_blank\" rel=\"nofollow noopener\">receptive services.<\/a><br \/>FAM trip and special quotations: contact <a href=\"mailto:melody@sanblassailing.com\" target=\"_blank\" rel=\"nofollow noopener\">Melody.<\/a><br \/>Our <a href=\"https:\/\/youtu.be\/sv-yqaieXks\" target=\"_blank\" rel=\"nofollow noopener\">video presentation:<\/a> for your sales force and your customers.<\/p>\t\t\t\t\t\t\t\t<\/div>\n\t\t\t\t<\/div>\n\t\t\t\t<div class=\"elementor-element elementor-element-fca9a81 elementor-tablet-align-center elementor-widget-tablet__width-inherit elementor-widget elementor-widget-button\" data-id=\"fca9a81\" data-element_type=\"widget\" data-widget_type=\"button.default\">\n\t\t\t\t<div class=\"elementor-widget-container\">\n\t\t\t\t\t\t\t\t\t<div class=\"elementor-button-wrapper\">\n\t\t\t\t\t<a class=\"elementor-button elementor-button-link elementor-size-sm\" href=\"https:\/\/sanblassailing.instaescuela.com\/en\/contact\/\">\n\t\t\t\t\t\t<span class=\"elementor-button-content-wrapper\">\n\t\t\t\t\t\t\t\t\t<span class=\"elementor-button-text\">Contact us<\/span>\n\t\t\t\t\t<\/span>\n\t\t\t\t\t<\/a>\n\t\t\t\t<\/div>\n\t\t\t\t\t\t\t\t<\/div>\n\t\t\t\t<\/div>\n\t\t\t\t<\/div>\n\t\t\t\t\t<\/div>\n\t\t\t\t<\/div>\n\t\t\t\t<\/div>","protected":false},"excerpt":{"rendered":"<p>Tagline Reservar Brokers Estamos listados en el \u00abNauSYS SYSTEM\u00bb Somos DMC en Panam\u00e1: ofrecemos servicios receptivos.FAM trip y cotizaciones especiales: contactar a Melody.Nuestro video de presentaci\u00f3n: para su comerciales y sus clientes. Cont\u00e1ctanos<\/p>","protected":false},"author":1,"featured_media":0,"parent":0,"menu_order":3,"comment_status":"closed","ping_status":"closed","template":"","meta":{"slim_seo":{"title":"Brokers - San Blas Sailing","description":"Tagline Booking Brokers We are listed in the \u00abNauSYS SYSTEM\u00bb We are DMC in Panama: we offer incoming services. FAM trip and special quotations: contact us"},"iawp_total_views":1,"footnotes":""},"class_list":["post-4933","page","type-page","status-publish","hentry"],"_links":{"self":[{"href":"https:\/\/sanblassailing.instaescuela.com\/en\/wp-json\/wp\/v2\/pages\/4933","targetHints":{"allow":["GET"]}}],"collection":[{"href":"https:\/\/sanblassailing.instaescuela.com\/en\/wp-json\/wp\/v2\/pages"}],"about":[{"href":"https:\/\/sanblassailing.instaescuela.com\/en\/wp-json\/wp\/v2\/types\/page"}],"author":[{"embeddable":true,"href":"https:\/\/sanblassailing.instaescuela.com\/en\/wp-json\/wp\/v2\/users\/1"}],"replies":[{"embeddable":true,"href":"https:\/\/sanblassailing.instaescuela.com\/en\/wp-json\/wp\/v2\/comments?post=4933"}],"version-history":[{"count":10,"href":"https:\/\/sanblassailing.instaescuela.com\/en\/wp-json\/wp\/v2\/pages\/4933\/revisions"}],"predecessor-version":[{"id":5347,"href":"https:\/\/sanblassailing.instaescuela.com\/en\/wp-json\/wp\/v2\/pages\/4933\/revisions\/5347"}],"wp:attachment":[{"href":"https:\/\/sanblassailing.instaescuela.com\/en\/wp-json\/wp\/v2\/media?parent=4933"}],"curies":[{"name":"wp","href":"https:\/\/api.w.org\/{rel}","templated":true}]}}